{"id":14,"date":"2022-11-11T12:24:33","date_gmt":"2022-11-11T12:24:33","guid":{"rendered":"https:\/\/topglove.de\/?page_id=14"},"modified":"2023-10-04T09:45:57","modified_gmt":"2023-10-04T09:45:57","slug":"about-top-glove-europe","status":"publish","type":"page","link":"http:\/\/topglove.de\/de\/about-top-glove-europe\/","title":{"rendered":"\u00dcber Top Glove"},"content":{"rendered":"<h2>\n\t\tTOP GLOVE EUROPE\n\t<\/h2>\n\t<p>Als europ\u00e4ischer Repr\u00e4sentant sind wir der erste Ansprechpartner f\u00fcr<\/p>\n\t\t\t<h3> Verkaufsanfragen aus allen europ\u00e4ischen L\u00e4ndern und Gesch\u00e4ftspartnerschaften.<\/h3>\t\t\n\t\t\t<h3> rechtliche Anfragen im Zusammenhang mit europ\u00e4ischen Normen und Vorschriften.<\/h3>\t\t\n\t\t\t<a href=\"#\" target=\"_self\" role=\"button\" rel=\"noopener\">\n\t\t\t\t\t\t\tGet more information\n\t\t\t<\/a>\n<h3>\n\t\tDIE EUROP\u00c4ISCHE VERTRETUNG DER TOP GLOVE CORPORATION BHD\n\t<\/h3>\n\t\t\t\t<img loading=\"lazy\" decoding=\"async\" src=\"https:\/\/topglove.de\/wp-content\/uploads\/2023\/03\/iStock-1332002332-scaled.jpg\" alt=\"Blue Globe viewing from space at night with connections between cities.(World Map Courtesy of NASA: https:\/\/visibleearth.nasa.gov\/view.php?id=55167)\" itemprop=\"image\" height=\"1440\" width=\"2560\" title=\"Global Communication Network\" onerror=\"this.style.display='none'\"  \/>\n\t\t\t\t<img loading=\"lazy\" decoding=\"async\" src=\"https:\/\/topglove.de\/wp-content\/uploads\/2023\/01\/Icon-Handschuh.svg\" alt=\"Icon Handschuh\" itemprop=\"image\" height=\"113\" width=\"150\" title=\"Icon Handschuh\" onerror=\"this.style.display='none'\"  \/>\n<h3>100 Milliarden pro Jahr<\/h3>\t\t\n\t\t\t\t<img loading=\"lazy\" decoding=\"async\" src=\"https:\/\/topglove.de\/wp-content\/uploads\/2023\/01\/Group-476.svg\" alt=\"Group 476\" itemprop=\"image\" height=\"116\" width=\"150\" title=\"Group 476\" onerror=\"this.style.display='none'\"  \/>\n<h3>50 Fabriken<\/h3>\t\t\n\t\t\t\t<img loading=\"lazy\" decoding=\"async\" src=\"https:\/\/topglove.de\/wp-content\/uploads\/2023\/01\/Group-475.png\" alt=\"Group 475\" itemprop=\"image\" height=\"98\" width=\"127\" title=\"Group 475\" onerror=\"this.style.display='none'\"  \/>\n<h3>13.000 Besch\u00e4ftigte<\/h3>\t\t\n<h4>\n\t\tEIN UNTERNEHMEN. EIN TEAM.\n\t<\/h4>\n<h2>\n\t\tTop Glove Corporation BHD\n\t<\/h2>\n\t<p>Top Glove Corporation is the world&#8217;s largest manufacturer of gloves, and our mission is to consistently deliver high quality gloves to our customers around the world. We currently produce 100 billion gloves per year, in our 50 factories in Malaysia, Thailand, China and Vietnam. Over 13,000 employees work for Top Glove in our factories and offices, constantly striving to provide our customers with high quality products all around the world.<\/p>\n\t\t\t\t<img loading=\"lazy\" decoding=\"async\" src=\"https:\/\/topglove.de\/wp-content\/uploads\/2023\/03\/iStock-584005878-scaled.jpg\" alt=\"international business people\" itemprop=\"image\" height=\"1707\" width=\"2560\" title=\"international business people\" onerror=\"this.style.display='none'\"  \/>\n<h3>\n\t\tAKTUELLE NEWS\n\t<\/h3>\n<h2>\n\t\tBleiben Sie <br> up to date\n\t<\/h2>\n\t<p>Neue Produkte. Aktuelle Messetermine. Sonderangebote. Abonnieren Sie unseren Top Glove Europe Newsletter und bleiben Sie informiert.<\/p>\n<h3>\n\t\t<a href=\"http:\/\/topglove.de\/de\/contact-support\/\" title=\"Jetzt abonnieren\" target=\"_self\" rel=\"noopener\">\n\t\tJetzt abonnieren\n\t\t<\/a>\n\t<\/h3>\n\t\t\t\t<img loading=\"lazy\" decoding=\"async\" src=\"https:\/\/topglove.de\/wp-content\/uploads\/2023\/03\/hand.png\" alt=\"hand\" itemprop=\"image\" height=\"458\" width=\"1270\" title=\"hand\" onerror=\"this.style.display='none'\"  \/>\n\t<!-- Modal -->\n        <button type=\"button\" data-dismiss=\"modal\" aria-label=\"Close\">\n          &times;\n        <\/button>\n            table put here\n\t\t\t\t<img loading=\"lazy\" decoding=\"async\" src=\"https:\/\/topglove.de\/wp-content\/uploads\/2023\/03\/iStock-1305341726-scaled.jpg\" alt=\"Doctor in protective mask showing heart with his hands closeup. Heart complications after covid19 concept\" itemprop=\"image\" height=\"1708\" width=\"2560\" title=\"Doctor in protective mask showing heart with his hands closeup\" onerror=\"this.style.display='none'\"  \/>\n<h3>TOP GLOVE<\/h3>\n<h2>\n\t\tProdukte und Leistungen\n\t<\/h2>\n<p>&nbsp;<\/p>\n<h3>Handschuhe!<\/h3>\n\t<p>Unsere bekanntesten Produkte sind nat\u00fcrlich unsere weltber\u00fchmten Handschuhe, die je nach Kundenwunsch in verschiedenen Qualit\u00e4ten, Materialien, Grammaturen, L\u00e4ngen, Gr\u00f6\u00dfen und Farben hergestellt werden. Unsere Handschuhe werden aus Nitril, Latex, Vinyl oder TPE hergestellt, um den Qualit\u00e4tsstandards der verschiedenen Branchen und L\u00e4nder auf der ganzen Welt zu entsprechen.<\/p>\n<p>F\u00fcr den medizinischen Bereich produzieren wir nicht nur Handschuhe f\u00fcr Untersuchungszwecke und Pflegeheime, sondern ebenfalls sterile Operationshandschuhe, die von \u00c4rzten und Chirurgen getragen werden.<\/p>\n<p>In addition to the medical sector, we also serve industry with a range of heavy-duty products that are heavier and longer in size, giving the gloves greater durability and resistance to chemicals. Furthermore, we produce special products, such as children&#8217;s gloves and our Biogreen biodegradable gloves.<\/p>\n\t\t\t<a href=\"http:\/\/topglove.de\/de\/gloves\/\" target=\"_self\" role=\"button\" rel=\"noopener\">\n\t\t\t\t\t\t\tUnsere Produkte\n\t\t\t<\/a>\n\t\t\t\t<img loading=\"lazy\" decoding=\"async\" src=\"https:\/\/topglove.de\/wp-content\/uploads\/2023\/03\/iStock-1340857098-scaled.jpg\" alt=\"Group of business professionals having meeting discussion in office. A smiling young female business executive wearing wireless headphones presenting her business ideas and strategic planning to colleagues using laptop at her desk.\" itemprop=\"image\" height=\"1703\" width=\"2560\" title=\"Diverse group of Asian business coworkers having work discussion and brainstorming using laptop at workstation\" onerror=\"this.style.display='none'\"  \/>\n<h3>Serviceleistungen!<\/h3>\n\t<p>Wir bieten unseren Gesch\u00e4ftspartnern innovative Produkte auf Basis unserer gesamten Produktvielfalt sowie umfassende Dienstleistungen von A bis Z.<\/p>\n<h6>\n\t\tWhite Label\n\t<\/h6>\n\t<p>Our white label solution is the provision of our unbranded products. We offer you with the option of integrating your brand&#8217;s attributes (including the product&#8217;s design, name, brand and supplier) on its packaging. Last but not least, deliver it practically ready for use. Everything from one single partner!<\/p>\n<h6>\n\t\tLagerverkauf\n\t<\/h6>\n\t<p>Beste Produkte zu unschlagbaren Preisen. Fragen Sie uns nach unseren n\u00e4chsten Lagerverk\u00e4ufen. Oder abonnieren Sie einfach unseren Newsletter, damit wir Sie auf dem Laufenden halten k\u00f6nnen.<\/p>\n\t\t\t<a href=\"http:\/\/topglove.de\/de\/contact-support\/\" target=\"_self\" role=\"button\" rel=\"noopener\">\n\t\t\t\t\t\t\tContact &#038; Support\n\t\t\t<\/a>\n\t\t\t\t<img loading=\"lazy\" decoding=\"async\" src=\"https:\/\/topglove.de\/wp-content\/uploads\/2023\/03\/AdobeStock_316261194-edit.jpg\" alt=\"AdobeStock_316261194-edit\" itemprop=\"image\" height=\"500\" width=\"500\" title=\"AdobeStock_316261194-edit\" onerror=\"this.style.display='none'\"  \/>\n<h3>EC<\/h3>\n REP\n\n\t<p>Der Europ\u00e4ische Bevollm\u00e4chtigte (EC REP) nimmt bestimmte Aufgaben im Rahmen der Europ\u00e4ischen Medizinprodukteverordnung wahr und fungiert als rechtliche Schnittstelle zwischen dem Hersteller von Medizinprodukten und den EU-Beh\u00f6rden.<\/p>\n<p>Top Glove Europe GmbH erf\u00fcllt alle EU-Kriterien f\u00fcr die CE-Kennzeichnung und ist erfahren im Umgang mit diesen beh\u00f6rdlichen Angelegenheiten. So wird sichergestellt, dass der Importprozess mit den EU-Vorschriften \u00fcbereinstimmt, was Ihnen gr\u00f6\u00dftm\u00f6gliche Sicherheit bietet.<\/p>\n<h4>\n\t<\/h4>\n<h2>\n\t\tInnovation\n\t<\/h2>\n\t<p>Top Glove ist davon \u00fcberzeugt, dass Forschung und Entwicklung (Research and Development\/R&amp;D) ein wichtiger Schl\u00fcssel zur Gestaltung unseres zuk\u00fcnftigen Weges und Erfolgs sind. Wir konsolidieren und passen uns an den sich schnell ver\u00e4ndernden globalen Markt an, w\u00e4hrend wir neue Trends f\u00fcr Verbraucher und Gesellschaft schaffen.<\/p>\n\t\t\t<a href=\"https:\/\/www.topglove.com\/innovation\" target=\"_blank\" role=\"button\" rel=\"noopener\">\n\t\t\t\t\t\t\tMehr Informationen\n\t\t\t<\/a>\n<h2>\n\t\tVISION\n\t<\/h2>\n<h2>\n\t\tIhr Weltklasse-Partner f\u00fcr Handschuhe und Gesundheitsprodukte zu sein\n\t<\/h2>\n<h2>\n\t\tMISSION\n\t<\/h2>\n<h2>\n\t\tSicherer Schutz f\u00fcr Menschen weltweit\n\t<\/h2>\n<h2>\n\t\t5 Pillars of Research and Development (R&#038;D)\n\t<\/h2>\n\t\t\t\t<img loading=\"lazy\" decoding=\"async\" src=\"https:\/\/topglove.de\/wp-content\/uploads\/2023\/03\/AdobeStock_549658372-edit.jpg\" alt=\"AdobeStock_549658372-edit\" itemprop=\"image\" height=\"1080\" width=\"2431\" title=\"AdobeStock_549658372-edit\" onerror=\"this.style.display='none'\"  \/>\n<h3>Product &#038; Material Development<\/h3>\t\t\n\t\t\t<p>1.<\/p>\n\t\t\t\t<img loading=\"lazy\" decoding=\"async\" src=\"https:\/\/topglove.de\/wp-content\/uploads\/2023\/03\/AdobeStock_295876415-edit.jpg\" alt=\"AdobeStock_295876415-edit\" itemprop=\"image\" height=\"765\" width=\"1270\" title=\"AdobeStock_295876415-edit\" onerror=\"this.style.display='none'\"  \/>\n<h3>Nachhaltige Technologien<\/h3>\t\t\n\t\t\t<p>2.<\/p>\n\t\t\t\t<img loading=\"lazy\" decoding=\"async\" src=\"https:\/\/topglove.de\/wp-content\/uploads\/2023\/03\/AdobeStock_476390210-edit.jpg\" alt=\"AdobeStock_476390210-edit\" itemprop=\"image\" height=\"847\" width=\"1270\" title=\"AdobeStock_476390210-edit\" onerror=\"this.style.display='none'\"  \/>\n<h3>Engineering &#038; Automation<\/h3>\t\t\n\t\t\t<p>3.<\/p>\n\t\t\t\t<img loading=\"lazy\" decoding=\"async\" src=\"https:\/\/topglove.de\/wp-content\/uploads\/2023\/03\/AdobeStock_269751603-edit.jpg\" alt=\"AdobeStock_269751603-edit\" itemprop=\"image\" height=\"714\" width=\"1270\" title=\"AdobeStock_269751603-edit\" onerror=\"this.style.display='none'\"  \/>\n<h3>Bisherige Forschung<\/h3>\t\t\n\t\t\t<p>4.<\/p>\n\t\t\t\t<img loading=\"lazy\" decoding=\"async\" src=\"https:\/\/topglove.de\/wp-content\/uploads\/2023\/02\/Bild@2x-1.png\" alt=\"Bild@2x\" itemprop=\"image\" height=\"1200\" width=\"766\" title=\"Bild@2x\" onerror=\"this.style.display='none'\"  \/>\n<h3>Collaborations, IP &#038; Lab Testing Services<\/h3>\t\t\n\t\t\t<p>5.<\/p>\n<h3>Produkt- und Materialentwicklung<\/h3>\n<h6>\n\t\tFINESSIS \u00ae \n\t<\/h6>\n\t\t\t<h3> Ein fortschrittlicher Barriereschutzhandschuh f\u00fcr chirurgische Eingriffe, der aus hochleistungsf\u00e4higen synthetischen Elastomeren hergestellt wird, ohne dass herk\u00f6mmliche chemische Vulkanisationsverfahren zum Einsatz kommen. Dieser chirurgische Handschuh kann desinfizieren, wenn er durch eine Schicht mit desinfizierender Fl\u00fcssigkeit von innen ausgel\u00f6st wird. <\/h3>\t\t\n\t\t\t<h3> Der Nitrilhandschuh mit hoher Festigkeit und geringem Gewicht entspricht ASTM D6319, EN 455 und ist mit CAT III PPE zertifiziert, was dem Benutzer einen guten Komfort und Barriereschutz bietet. <\/h3>\t\t\n\t\t\t<h3> Hausinternes Polymer mit spezieller Beschichtung erm\u00f6glicht Flexibilit\u00e4t beim Anziehen, wodurch der Benutzer den Handschuh sowohl unter trockenen als auch unter nassen Bedingungen anziehen kann.<\/h3>\t\t\n<h3>Nachhaltige Technologien<\/h3>\n<h6>\n\t\tBiogreen \n\t<\/h6>\n\t\t\t<h3> Sustainable product and environmental friendly, which provides an &#8216;end of life solution&#8217; for landfill option to reduce accumulation of waste.<\/h3>\t\t\n\t\t\t<h3> Dieser Handschuh ist speziell so formuliert, dass er auf der Deponie durch einen mikrobiellen Prozess biologisch abgebaut wird.<\/h3>\t\t\n\t<h6>\n\t\tRecycling von Gummi\n\t<\/h6>\n\t\t\t<h3> Zerrissene Nitrilhandschuhe werden zu neuen Produkten recycelt. Zum Beispiel zu Gummidichtungen, Gummifu\u00dfmatten, Gummischuhsohlen und vielem mehr. <\/h3>\t\t\n\t<h6>\n\t\tEigene chemische Zus\u00e4tze f\u00fcr einen saubereren Handschuhherstellungsprozess\n\t<\/h6>\n\t\t\t<h3> Kontinuierliches Streben nach einem Durchbruch im konventionellen Handschuhherstellungsprozess, insbesondere im Hinblick auf den Einsatz von Chemikalien. Ein sauberer Herstellungsprozess sorgt auch f\u00fcr eine nachhaltigere Umwelt.<\/h3>\t\t\n<h3>Engineering &#038; Automation<\/h3>\n<h6>\n\t\tR&#038;D Robotics Simulator\n\t<\/h6>\n\t\t\t<h3> Der Simulator ist in der Lage, verschiedene Fertigungsprozesse genau zu simulieren, um qualitativ bessere und nachhaltigere Produkte herzustellen.<\/h3>\t\t\n\t<h6>\n\t\tAI Vision Kamera-Qualit\u00e4tsinspektionssystem\n\t<\/h6>\n\t\t\t<h3> Zur Durchf\u00fchrung einer 100%igen Sichtpr\u00fcfung, um sicherzustellen, dass nur Handschuhe von guter Qualit\u00e4t hergestellt werden. <\/h3>\t\t\n\t<h6>\n\t\tVollautomatische Verpackung f\u00fcr Handschuhe\n\t<\/h6>\n\t\t\t<h3> Kein menschlicher Kontakt mit den frisch produzierten Handschuhen w\u00e4hrend des gesamten Verpackungsprozesses.<\/h3>\t\t\n<h3>Bisherige Forschung<\/h3>\n<h6>\n\t\tGrip Plus Funktion\n\t<\/h6>\n\t\t\t<h3> Bietet zus\u00e4tzliche Griffeigenschaften und einen guten Tastsinn. <\/h3>\t\t\n\t\t\t<h3> Aufgrund seiner rutschfesten Eigenschaften ist es die ideale Wahl f\u00fcr Aufgaben wie das Greifen von trockenen, nassen und \u00f6ligen Gegenst\u00e4nden.<\/h3>\t\t\n\t<h6>\n\t\tForschung\n\t<\/h6>\n\t\t\t<h3> Sustainable product and environmental friendly, which provides an &#8216;end of life solution&#8217; for landfill option to reduce accumulation of waste.<\/h3>\t\t\n\t<h6>\n\t\tEigene chemische Zus\u00e4tze f\u00fcr einen saubereren Handschuhherstellungsprozess\n\t<\/h6>\n\t\t\t<h3> Kontinuierliches Streben nach einem Durchbruch im konventionellen Handschuhherstellungsprozess, insbesondere im Hinblick auf den Einsatz von Chemikalien. Ein sauberer Herstellungsprozess sorgt auch f\u00fcr eine nachhaltigere Umwelt.<\/h3>\t\t\n<h3>Collaborations, IP &#038; Lab Testing Services<\/h3>\n<h6>\n\t\tAnmeldung geistiger Eigentumsrechte \n\t<\/h6>\n\t\t\t<h3> Top Glove besitzt mehr als 300 Schutzrechte auf lokaler und globaler Ebene, wie Top Care \u00ae, Grip Plus \u00ae, FINESSIS \u00ae, FLEXYLON \u00ae, Top Feel\u2122, Biogreen\u2122, Hydraplus\u2122 usw.<\/h3>\t\t\n\t<h6>\n\t\tProgramm zur Talentf\u00f6rderung \n\t<\/h6>\n\t\t\t<h3> Top Glove vergibt Stipendien an Studenten, die einen Master-Abschluss anstreben, und bietet Jobm\u00f6glichkeiten f\u00fcr ausgebildete Talente. <\/h3>\t\t\n\t<h6>\n\t\tTop Glove-Zuschuss f\u00fcr industrielle Zusammenarbeit (TGICG) \n\t<\/h6>\n\t\t\t<h3> Top Glove bietet ein voll finanziertes Forschungsstipendium und einen offenen Wettbewerb f\u00fcr Forscher von Spitzenuniversit\u00e4ten in Malaysia.<\/h3>\t\t\n\t\t\t<a href=\"https:\/\/www.topglove.com\/innovation\" target=\"_blank\" role=\"button\" rel=\"noopener\">\n\t\t\t\t\t\t\tFind out more about our R&#038;D at Top Glove\n\t\t\t<\/a>\n<h4>\n\t\tEIN UNTERNEHMEN. EIN TEAM.\n\t<\/h4>\n<h2>\n\t\tWo Sie uns finden k\u00f6nnen\n\t<\/h2>\n\t<p>Top Glove ist in 7 L\u00e4ndern mit 50 Fabriken und 5 Vertriebsb\u00fcros t\u00e4tig. Top Glove Europe ist eine der in Deutschland ans\u00e4ssigen Niederlassungen. \nHier finden Sie einen allgemeinen \u00dcberblick \u00fcber unsere Unternehmensstruktur.<\/p>\n\t\t\t<a href=\"https:\/\/www.topglove.com\/corporate-structure\" target=\"_blank\" role=\"button\" rel=\"noopener\">\n\t\t\t\t\t\t\tMehr Info\n\t\t\t<\/a>\n<h4>\n\t\tSIND SIE AN UNSEREN PRODUKTEN INTERESSIERT?\n\t<\/h4>\n<h2>\n\t\tWir freuen uns darauf, von Ihnen zu h\u00f6ren!\n\t<\/h2>\n\t<p>In K\u00fcrze werden Sie die M\u00f6glichkeit haben, unseren Newsletter zu abonnieren. Wenn Sie in der Zwischenzeit mit uns Kontakt aufnehmen m\u00f6chten, k\u00f6nnen Sie uns gerne eine Nachricht schicken. Wir werden uns bei Ihnen melden!<\/p>\n\t<strong>F\u00fcr internationale Kunden (englischsprachig)<\/strong><br \/>\n<a href=\"tel: 4920657642114\">+49 2065 76421-14<\/a>\n<p>(weekdays 8 a.m. &#8211; 5 p.m.)<\/p>\n\t<strong>F\u00fcr lokale Kunden (deutschsprachig)<\/strong><br \/>\n<a href=\"tel: 492065764210\">+49 2065 76421-0<\/a>\n<p>(weekdays 8 a.m. &#8211; 5 p.m.)<\/p>\n<p>Oder senden Sie uns einfach eine Nachricht.<\/p>\n\t\n<div class=\"wpcf7 no-js\" id=\"wpcf7-f255-o1\" lang=\"en-US\" dir=\"ltr\">\n<div class=\"screen-reader-response\"><p role=\"status\" aria-live=\"polite\" aria-atomic=\"true\"><\/p> <ul><\/ul><\/div>\n<form action=\"\/de\/wp-json\/wp\/v2\/pages\/14#wpcf7-f255-o1\" method=\"post\" class=\"wpcf7-form init\" aria-label=\"Contact form\" novalidate=\"novalidate\" data-status=\"init\" data-trp-original-action=\"\/de\/wp-json\/wp\/v2\/pages\/14#wpcf7-f255-o1\">\n<div style=\"display: none;\">\n<input type=\"hidden\" name=\"_wpcf7\" value=\"255\" \/>\n<input type=\"hidden\" name=\"_wpcf7_version\" value=\"5.8.1\" \/>\n<input type=\"hidden\" name=\"_wpcf7_locale\" value=\"en_US\" \/>\n<input type=\"hidden\" name=\"_wpcf7_unit_tag\" value=\"wpcf7-f255-o1\" \/>\n<input type=\"hidden\" name=\"_wpcf7_container_post\" value=\"0\" \/>\n<input type=\"hidden\" name=\"_wpcf7_posted_data_hash\" value=\"\" \/>\n<\/div>\n<div class=\"Contact-form\">\n\t<div class=\"flex-ss\">\n\t\t<div class=\"fl-input-group\">\n\t\t\t<p><span class=\"wpcf7-form-control-wrap\" data-name=\"first-name\"><input size=\"40\" class=\"wpcf7-form-control wpcf7-text wpcf7-validates-as-required\" aria-required=\"true\" aria-invalid=\"false\" placeholder=\"Vorname\" value=\"\" type=\"text\" name=\"first-name\" \/><\/span>\n\t\t\t<\/p>\n\t\t<\/div>\n\t\t<div class=\"fl-input-group\">\n\t\t\t<p><span class=\"wpcf7-form-control-wrap\" data-name=\"last-name\"><input size=\"40\" class=\"wpcf7-form-control wpcf7-text wpcf7-validates-as-required\" aria-required=\"true\" aria-invalid=\"false\" placeholder=\"Nachname\" value=\"\" type=\"text\" name=\"last-name\" \/><\/span>\n\t\t\t<\/p>\n\t\t<\/div>\n\t<\/div>\n\t<div class=\"fl-input-group\">\n\t\t<p><span class=\"wpcf7-form-control-wrap\" data-name=\"your-email\"><input size=\"40\" class=\"wpcf7-form-control wpcf7-email wpcf7-validates-as-required wpcf7-text wpcf7-validates-as-email\" aria-required=\"true\" aria-invalid=\"false\" placeholder=\"E-Mail-Adresse\" value=\"\" type=\"email\" name=\"your-email\" \/><\/span>\n\t\t<\/p>\n\t<\/div>\n\t<div class=\"fl-input-group\">\n\t\t<p><span class=\"wpcf7-form-control-wrap\" data-name=\"phone\"><input size=\"40\" class=\"wpcf7-form-control wpcf7-text wpcf7-validates-as-required\" aria-required=\"true\" aria-invalid=\"false\" placeholder=\"Telefon\" value=\"\" type=\"text\" name=\"phone\" \/><\/span>\n\t\t<\/p>\n\t<\/div>\n\t<div class=\"fl-input-group\">\n\t\t<p><span class=\"wpcf7-form-control-wrap\" data-name=\"company\"><input size=\"40\" class=\"wpcf7-form-control wpcf7-text wpcf7-validates-as-required\" aria-required=\"true\" aria-invalid=\"false\" placeholder=\"Unternehmen\" value=\"\" type=\"text\" name=\"company\" \/><\/span>\n\t\t<\/p>\n\t<\/div>\n\t<div class=\"fl-input-group\">\n\t\t<p><span class=\"wpcf7-form-control-wrap\" data-name=\"your-message\"><textarea cols=\"40\" rows=\"10\" class=\"wpcf7-form-control wpcf7-textarea\" aria-invalid=\"false\" placeholder=\"Nachricht\" name=\"your-message\"><\/textarea><\/span>\n\t\t<\/p>\n\t<\/div>\n\t<div class=\"accept_terms\">\n\t\t<p><span class=\"wpcf7-form-control-wrap\" data-name=\"acceptance-994\"><span class=\"wpcf7-form-control wpcf7-acceptance\"><span class=\"wpcf7-list-item\"><label><input type=\"checkbox\" name=\"acceptance-994\" value=\"1\" aria-invalid=\"false\" \/><span class=\"wpcf7-list-item-label\">Ich stimme den Bedingungen der  <span class=\"color_gradient\"><a href=\"http:\/\/topglove.de\/de\/privacy-policy\/\">Datenschutzerkl\u00e4rung zu.<\/a><\/span><\/span><\/label><\/span><\/span><\/span>\n\t\t<\/p>\n\t\t<p><span class=\"wpcf7-form-control-wrap\" data-name=\"acceptance-994\"><span class=\"wpcf7-form-control wpcf7-acceptance\"><span class=\"wpcf7-list-item\"><label><input type=\"checkbox\" name=\"acceptance-994\" value=\"1\" aria-invalid=\"false\" \/><span class=\"wpcf7-list-item-label\">Ich bin damit einverstanden, dass die Top Glove Europe GmbH mit mir Kontakt aufnimmt, um mir Werbematerial zuzusenden und Produkte und Dienstleistungen anzubieten. Mit dem Absenden dieses Formulars erkl\u00e4re ich mich mit der Auswertung der \u00d6ffnungs- und Klickdaten (Tracking) einverstanden. Beide Einwilligungen kann ich nur gemeinsam jederzeit \u00fcber den Abmeldebutton in der E-Mail, per E-Mail an <span class=\"color_gradient\"><a href=\"mailto:info@toglove.de\">info@toglove.de<\/a><\/span>  oder per Post widerrufen.<\/span><\/label><\/span><\/span><\/span>\n\t\t<\/p>\n\t<\/div>\n\t<p><div class=\"cf7-cf-turnstile\" style=\"margin-top: -10px; margin-bottom: -15px;\"> <div id=\"cf-turnstile-cf7-2052507884\" class=\"cf-turnstile\" data-sitekey=\"0x4AAAAAAAJjimCMKWA_c4MH\" data-theme=\"light\" data-language=\"auto\" data-retry=\"auto\" data-retry-interval=\"1000\" data-action=\"contact-form-7\" data-appearance=\"always\"><\/div> <br\/> <style>#cf-turnstile-cf7-2052507884 { margin-left: -15px; }<\/style> <script>document.addEventListener(\"DOMContentLoaded\",(function(){var e=document.getElementById(\"cf-turnstile-cf7-2052507884\");setTimeout((function(){e&&(turnstile.render(\"#cf-turnstile-cf7-2052507884\",{sitekey:\"0x4AAAAAAAJjimCMKWA_c4MH\"}))}),50)}));<\/script> <script>document.addEventListener(\"DOMContentLoaded\",function(){document.querySelectorAll('.wpcf7-form').forEach(function(e){e.addEventListener('submit',function(){if(document.getElementById('cf-turnstile-cf7-2052507884')){setTimeout(function(){turnstile.render('#cf-turnstile-cf7-2052507884');},4000)}})})});<\/script> <\/div>\n\t<\/p>\n\t<div class=\"global_button global_new_btn\">\n\t\t<p><a href=\"javascript:void(0)\" onclick=\"document.getElementById('contactbtn').click();\" class=\"fl-button\" type=\"submit\"><span class=\"fl-button-text\">Nachricht senden<\/span><i class=\"fl-button-icon fl-button-icon-after dashicons dashicons-before dashicons-undo\" aria-hidden=\"true\"><\/i><br \/>\n<\/a><br \/>\n<input class=\"wpcf7-form-control wpcf7-submit has-spinner\" id=\"contactbtn\" type=\"submit\" value=\"Send Message\" \/>\n\t\t<\/p>\n\t<\/div>\n<\/div><div class=\"wpcf7-response-output\" aria-hidden=\"true\"><\/div>\n<input type=\"hidden\" name=\"trp-form-language\" value=\"de\"\/><\/form>\n<\/div>","protected":false},"excerpt":{"rendered":"<p>TOP GLOVE EUROPE As European representative we are the primary contact for sales inquiries from all European countries and business partnerships. legal inquiries in connection with European standards and regulations. Get more information THE EUROPEAN REPRESENTATIVE OF TOP GLOVE CORPORATION BHD 100 Billion per year 50 factories 13,000 employees ONE COMPANY. ONE TEAM. Top Glove&hellip;<\/p>","protected":false},"author":1,"featured_media":0,"parent":0,"menu_order":0,"comment_status":"closed","ping_status":"closed","template":"","meta":{"inline_featured_image":false,"footnotes":""},"class_list":["post-14","page","type-page","status-publish","hentry"],"_links":{"self":[{"href":"http:\/\/topglove.de\/de\/wp-json\/wp\/v2\/pages\/14","targetHints":{"allow":["GET"]}}],"collection":[{"href":"http:\/\/topglove.de\/de\/wp-json\/wp\/v2\/pages"}],"about":[{"href":"http:\/\/topglove.de\/de\/wp-json\/wp\/v2\/types\/page"}],"author":[{"embeddable":true,"href":"http:\/\/topglove.de\/de\/wp-json\/wp\/v2\/users\/1"}],"replies":[{"embeddable":true,"href":"http:\/\/topglove.de\/de\/wp-json\/wp\/v2\/comments?post=14"}],"version-history":[{"count":163,"href":"http:\/\/topglove.de\/de\/wp-json\/wp\/v2\/pages\/14\/revisions"}],"predecessor-version":[{"id":1167,"href":"http:\/\/topglove.de\/de\/wp-json\/wp\/v2\/pages\/14\/revisions\/1167"}],"wp:attachment":[{"href":"http:\/\/topglove.de\/de\/wp-json\/wp\/v2\/media?parent=14"}],"curies":[{"name":"wp","href":"https:\/\/api.w.org\/{rel}","templated":true}]}}