{"id":5,"date":"2022-11-11T12:11:15","date_gmt":"2022-11-11T12:11:15","guid":{"rendered":"https:\/\/topglove.de\/?page_id=5"},"modified":"2023-10-05T08:45:58","modified_gmt":"2023-10-05T08:45:58","slug":"homepage","status":"publish","type":"page","link":"http:\/\/topglove.de\/de\/","title":{"rendered":"Homepage"},"content":{"rendered":"<img decoding=\"async\" loading='false' src=\"https:\/\/topglove.de\/wp-content\/uploads\/2023\/03\/header-img-03.jpg\" alt=\"\" \/>\t\t\t\n\t\t\t\t<h2>Untersuchungshandschuhe f\u00fcr den t\u00e4glichen Gebrauch<\/h2>\n<h2><strong>The World&#8217;s Largest<br \/>\nHersteller von Handschuhen<\/strong><\/h2>\n\t\t\t<a href=\"\" target=\"_self\" role=\"button\" rel=\"noopener\">\n\t\t\t\t\t\t\tMehr Informationen\n\t\t\t<\/a>\n\t\t\t<img decoding=\"async\" loading='false' src=\"https:\/\/topglove.de\/wp-content\/uploads\/2023\/03\/header-img-01.jpg\" alt=\"\" \/>\t\t\t\n\t\t\t\t<h2>Untersuchungshandschuhe f\u00fcr den t\u00e4glichen Gebrauch<\/h2>\n<h2><strong>The World&#8217;s Largest<br \/>\nHersteller von Handschuhen<\/strong><\/h2>\n\t\t\t<a href=\"\" target=\"_self\" role=\"button\" rel=\"noopener\">\n\t\t\t\t\t\t\tMehr Informationen\n\t\t\t<\/a>\n\t\t\t<img decoding=\"async\" loading='false' src=\"https:\/\/topglove.de\/wp-content\/uploads\/2023\/03\/header-img-02.jpg\" alt=\"\" \/>\t\t\t\n\t\t\t\t<h2>Untersuchungshandschuhe f\u00fcr den t\u00e4glichen Gebrauch<\/h2>\n<h2><strong>The World&#8217;s Largest<br \/>\nHersteller von Handschuhen<\/strong><\/h2>\n\t\t\t<a href=\"\" target=\"_self\" role=\"button\" rel=\"noopener\">\n\t\t\t\t\t\t\tMehr Informationen\n\t\t\t<\/a>\n\t\t\t\t<a href=\"#\" aria-label=\"previous\" role=\"button\">\n<\/a>\n\t\t\t\t<a href=\"#\" aria-label=\"next\" role=\"button\">\n<\/a>\n<h4>\n\t\tEine Niederlassung in Deutschland\n\t<\/h4>\n<h2>\n\t\tWir sind Top Glove Europe\n\t<\/h2>\n\t<p>Top Glove Corporation BHD is the world&#8217;s largest manufacturer of gloves and it is our mission to supply our customers all over the world with consistent high-quality gloves. We currently produce 100 Billion gloves per year in our 50 factories located in Malaysia, Thailand, China and Vietnam.<\/p>\n<p>Als europ\u00e4ischer Repr\u00e4sentant sind wir verantwortlich f\u00fcr Verkaufsanfragen aus allen europ\u00e4ischen L\u00e4ndern und Gesch\u00e4ftspartnerschaften sowie f\u00fcr alle rechtlichen Anfragen bez\u00fcglich der europ\u00e4ischen Normen und Vorschriften.<\/p>\n\t\t\t<a href=\"\/de\/about-top-glove\/\" target=\"_self\" role=\"button\" rel=\"noopener\">\n\t\t\t\t\t\t\tMehr Info\n\t\t\t<\/a>\n    <a href=\"tel: 492065764210\">\n         +49 2065 76421-0<\/a>\n        <a href=\"mailto:info@topglove.de\"><\/a>\n        <a href=\"tel: 492065764210\">\n         <\/a>    \n\t<img width=\"1024\" height=\"683\" src=\"https:\/\/topglove.de\/wp-content\/uploads\/2023\/03\/AdobeStock_476390210-edit-1-1024x683.jpg\" alt=\"\" decoding=\"async\" loading=\"lazy\" srcset=\"https:\/\/topglove.de\/wp-content\/uploads\/2023\/03\/AdobeStock_476390210-edit-1-1024x683.jpg 1024w, https:\/\/topglove.de\/wp-content\/uploads\/2023\/03\/AdobeStock_476390210-edit-1-300x200.jpg 300w, https:\/\/topglove.de\/wp-content\/uploads\/2023\/03\/AdobeStock_476390210-edit-1-768x512.jpg 768w, https:\/\/topglove.de\/wp-content\/uploads\/2023\/03\/AdobeStock_476390210-edit-1.jpg 1270w\" sizes=\"auto, (max-width: 1024px) 100vw, 1024px\" \/><meta itemprop=\"url\" content=\"https:\/\/topglove.de\/wp-content\/uploads\/2022\/11\/Gloves-38351-1.mp4\" \/><div style=\"width: 640px;\" class=\"wp-video\"><video class=\"wp-video-shortcode\" id=\"video-5-1\" width=\"640\" height=\"360\" poster=\"https:\/\/topglove.de\/wp-content\/uploads\/2023\/03\/AdobeStock_476390210-edit-1.jpg\" preload=\"none\" controls=\"controls\"><source type=\"video\/mp4\" src=\"https:\/\/topglove.de\/wp-content\/uploads\/2022\/11\/Gloves-38351-1.mp4?_=1\" \/><a href=\"https:\/\/topglove.de\/wp-content\/uploads\/2022\/11\/Gloves-38351-1.mp4\">https:\/\/topglove.de\/wp-content\/uploads\/2022\/11\/Gloves-38351-1.mp4<\/a><\/video><\/div>\n<h4>\n\t\tUnsere Produkte\n\t<\/h4>\n<h2>\n\t\tWir liefern Qualit\u00e4t. F\u00fcr jeden Standard.\n\t<\/h2>\n\t<p>Whether for medical sector, industrial use or for consumers: We offer our gloves in a wide range of qualities, materials, thicknesses, sizes and colors. Whether Nitrile, Latex, Vinyl or TPE &#8211; we can match even individual requirements.<\/p>\n\t<p>F\u00fcr den medizinischen Bereich produzieren wir eine gro\u00dfe Anzahl von Handschuhen, die nicht nur f\u00fcr Untersuchungszwecke und den Einsatz in der h\u00e4uslichen Pflege geeignet sind, sondern auch hochwertige Operationshandschuhe, die von \u00c4rzten und Chirurgen getragen werden.<\/p>\n\t<p>In industrial sector, we have a range of heavy-duty products with a higher weight and length to make them more durable and chemical resistant for a harsher work environment. Furthermore, we produce a number of special products including children&#8217;s gloves and our Biogreen biodegradable gloves.<\/p>\n\t\t\t<a href=\"http:\/\/topglove.de\/de\/gloves\/\" target=\"_self\" role=\"button\" rel=\"noopener\">\n\t\t\t\t\t\t\tMehr Informationen\n\t\t\t<\/a>\n\t<!---->\n<!--    -->\n<!--        -->\n<!--         -->\n<!--        -->\n<!--        -->\n<!--    -->\n<!---->\n                    <img decoding=\"async\" src=\"https:\/\/topglove.de\/wp-content\/uploads\/2023\/02\/AdobeStock_444591159_Preview-blur-helgrun@2x.png\"\/>\n                    <img decoding=\"async\" src=\"https:\/\/topglove.de\/wp-content\/uploads\/2023\/02\/AdobeStock_421658359_Preview.png\"\/>\n                <img decoding=\"async\" src=\"https:\/\/topglove.de\/wp-content\/uploads\/2023\/02\/AdobeStock_354256071_Preview-2-blur-pink.png\"\/>\n<h3>\n\t\tFYI\n\t<\/h3>\n<h2>\n\t\tBleiben Sie <br> up to date\n\t<\/h2>\n\t<p>Abonnieren Sie unseren Top Glove Europe Newsletter und bleiben Sie informiert.<\/p>\n<h3>\n\t\t<a href=\"http:\/\/topglove.de\/de\/contact-support\/\" title=\"Jetzt abonnieren\" target=\"_self\" rel=\"noopener\">\n\t\tJetzt abonnieren\n\t\t<\/a>\n\t<\/h3>\n\t<a href=\"http:\/\/topglove.de\/de\/contact-support\/\">\n<\/a>\n\t\t\t\t<img loading=\"lazy\" decoding=\"async\" src=\"https:\/\/topglove.de\/wp-content\/uploads\/2022\/11\/Newsletter-IMG@2x.png\" alt=\"Newsletter IMG@2x\" itemprop=\"image\" height=\"354\" width=\"2545\" title=\"Newsletter IMG@2x\" onerror=\"this.style.display='none'\"  \/>\n<h3>Nitril<\/h3>\n<p>Untersuchungshandschuhe<\/p>\n\t\t\t\t<img loading=\"lazy\" decoding=\"async\" src=\"https:\/\/topglove.de\/wp-content\/uploads\/2022\/11\/Latext@2x-2.png\" alt=\"Latext@2x\" itemprop=\"image\" height=\"600\" width=\"600\" title=\"Latext@2x\" onerror=\"this.style.display='none'\"  \/>\n<h4>\n\t\tAnwendung\n\t<\/h4>\n\t\t\t<h3> Medizin<\/h3>\t\t\n\t\t\t<h3> Gesundheitswesen<\/h3>\t\t\n\t\t\t<h3> Zahnmedizin<\/h3>\t\t\n\t\t\t<h3> Industrie<\/h3>\t\t\n\t\t\t<h3> Lebensmittelkontakt<\/h3>\t\t\n\t<h4>\n\t\tAlle Farben\n\t<\/h4>\n\t\t\t<h3> <\/h3>\t\t\n\t\t\t<h3> <\/h3>\t\t\n\t\t\t<h3> <\/h3>\t\t\n\t\t\t<h3> <\/h3>\t\t\n\t\t\t<h3> <\/h3>\t\t\n\t\t\t<h3> mehr<\/h3>\t\t\n\t<p>Puderfrei, rutschfest und sch\u00fctzend: Barriereschutz gegen Bakterien und Viren.<\/p>\n\t\t\t<a href=\"http:\/\/topglove.de\/de\/gloves\/#nitril\/\" target=\"_self\" role=\"button\" rel=\"noopener\">\n\t\t\t\t\t\t\tMehr Info\n\t\t\t<\/a>\n<h3>Latex<\/h3>\n<p>Untersuchungshandschuhe<\/p>\n\t\t\t\t<img loading=\"lazy\" decoding=\"async\" src=\"https:\/\/topglove.de\/wp-content\/uploads\/2023\/06\/MicrosoftTeams-image-8.png\" alt=\"MicrosoftTeams-image (8)\" itemprop=\"image\" height=\"600\" width=\"600\" title=\"MicrosoftTeams-image (8)\" onerror=\"this.style.display='none'\"  \/>\n<h4>\n\t\tAnwendung\n\t<\/h4>\n\t\t\t<h3> Medizin<\/h3>\t\t\n\t\t\t<h3> Gesundheitswesen<\/h3>\t\t\n\t\t\t<h3> Zahnmedizin<\/h3>\t\t\n\t\t\t<h3> Industrie<\/h3>\t\t\n\t\t\t<h3> Lebensmittelkontakt<\/h3>\t\t\n\t<h4>\n\t\tAlle Farben\n\t<\/h4>\n\t\t\t<h3> <\/h3>\t\t\n\t\t\t<h3> mehr<\/h3>\t\t\n\t<p>Hochwertiger Naturkautschuklatex. Umweltfreundlich, puderfrei und angenehm zu tragen..<\/p>\n\t\t\t<a href=\"http:\/\/topglove.de\/de\/gloves\/#latex\/\" target=\"_self\" role=\"button\" rel=\"noopener\">\n\t\t\t\t\t\t\tMehr Info\n\t\t\t<\/a>\n<h3>Green<\/h3>\n<p>Innovation Handschuhe<\/p>\n\t\t\t\t<img loading=\"lazy\" decoding=\"async\" src=\"https:\/\/topglove.de\/wp-content\/uploads\/2022\/11\/Latext@2x.png\" alt=\"Latext@2x\" itemprop=\"image\" height=\"600\" width=\"600\" title=\"Latext@2x\" onerror=\"this.style.display='none'\"  \/>\n<h4>\n\t\tAnwendung\n\t<\/h4>\n\t\t\t<h3> Medizin<\/h3>\t\t\n\t\t\t<h3> Gesundheitswesen<\/h3>\t\t\n\t\t\t<h3> Zahnmedizin<\/h3>\t\t\n\t\t\t<h3> Industrie<\/h3>\t\t\n\t\t\t<h3> Lebensmittelkontakt<\/h3>\t\t\n\t<h4>\n\t\tAlle Farben\n\t<\/h4>\n\t\t\t<h3> <\/h3>\t\t\n\t\t\t<h3> <\/h3>\t\t\n\t\t\t<h3> mehr<\/h3>\t\t\n\t<p>Umweltfreundliche Handschuhe f\u00fcr eine Vielzahl von Anwendungen<\/p>\n\t\t\t<a href=\"http:\/\/topglove.de\/de\/gloves\/#latex\/\" target=\"_self\" role=\"button\" rel=\"noopener\">\n\t\t\t\t\t\t\tMehr Info\n\t\t\t<\/a>\n<h2>\n\t\tIhre eigene Handschuhmarke? Kein Problem!\n\t<\/h2>\n<h3>White-Label-Handschuhe<\/h3>\n by Top Glove\n\n\tWe got the gloves! Fully developed, for all applications and of course in certified top quality. Approved for the European market. You have the demand and would like to sell Examination, Non Examination, or Surgical Glove with your own brand name. Then you might be our partner!<br \/>\nInteressiert? Wir freuen uns darauf, von Ihnen zu h\u00f6ren.\n<h4>\n\t\tAlle Anwendungen\n\t<\/h4>\n\t\t\t<h3> Medizin<\/h3>\t\t\n\t\t\t<h3> Gesundheitswesen<\/h3>\t\t\n\t\t\t<h3> Zahnmedizin<\/h3>\t\t\n\t\t\t<h3> Industrie<\/h3>\t\t\n\t\t\t<h3> Lebensmittelkontakt<\/h3>\t\t\n\t<h4>\n\t\tAlle Farben\n\t<\/h4>\n\t\t\t<h3> <\/h3>\t\t\n\t\t\t<h3> <\/h3>\t\t\n\t\t\t<h3> <\/h3>\t\t\n\t\t\t<h3> <\/h3>\t\t\n\t\t\t<h3> <\/h3>\t\t\n\t\t\t<a href=\"http:\/\/topglove.de\/de\/contact-support\/\" target=\"_self\" role=\"button\" rel=\"noopener\">\n\t\t\t\t\t\t\tKontakt aufnehmen\n\t\t\t<\/a>\n\t\t\t\t<img loading=\"lazy\" decoding=\"async\" src=\"https:\/\/topglove.de\/wp-content\/uploads\/2023\/03\/Glue_Glove_transparent.png\" alt=\"Glue_Glove_transparent\" itemprop=\"image\" height=\"3840\" width=\"5760\" title=\"Glue_Glove_transparent\" onerror=\"this.style.display='none'\"  \/>\n\t<h3>Bevorstehende<\/h3>\n<h2>\n\t\tEvents\n\t<\/h2>\n\t\t\t<a href=\"http:\/\/topglove.de\/de\/news\/\" target=\"_self\" role=\"button\" rel=\"noopener\">\n\t\t\t\t\t\t\tMehr Informationen\n\t\t\t<\/a>\n<h2>\n\t\tTop Glove. Wir liefern Handschuhe, um Leben und Gesundheit in jeder Region der Welt zu sch\u00fctzen.\n\t<\/h2>\n<h4>\n\t\tSie haben Fragen?\n\t<\/h4>\n<h2>\n\t\tWir haben die Antworten! Bitte kontaktieren Sie uns.\n\t<\/h2>\n\t<p>Wir sind gerne f\u00fcr Sie da. F\u00fcr weitere Informationen rufen Sie uns bitte an:<\/p>\n\t<strong>F\u00fcr internationale Kunden (englischsprachig)<\/strong><br \/>\n<a href=\"tel: 4920657642114\">+49 2065 76421-14<\/a>\n<p>(weekdays 8 a.m. &#8211; 5 p.m.)<\/p>\n\t<strong>F\u00fcr lokale Kunden (deutschsprachig)<\/strong><br \/>\n<a href=\"tel: 492065764210\">+49 2065 76421-0<\/a>\n<p>(weekdays 8 a.m. &#8211; 5 p.m.)<\/p>\n<p>Oder senden Sie uns einfach eine Nachricht.<\/p>\n\t\n<div class=\"wpcf7 no-js\" id=\"wpcf7-f255-o1\" lang=\"en-US\" dir=\"ltr\">\n<div class=\"screen-reader-response\"><p role=\"status\" aria-live=\"polite\" aria-atomic=\"true\"><\/p> <ul><\/ul><\/div>\n<form action=\"\/de\/wp-json\/wp\/v2\/pages\/5#wpcf7-f255-o1\" method=\"post\" class=\"wpcf7-form init\" aria-label=\"Contact form\" novalidate=\"novalidate\" data-status=\"init\" data-trp-original-action=\"\/de\/wp-json\/wp\/v2\/pages\/5#wpcf7-f255-o1\">\n<div style=\"display: none;\">\n<input type=\"hidden\" name=\"_wpcf7\" value=\"255\" \/>\n<input type=\"hidden\" name=\"_wpcf7_version\" value=\"5.8.1\" \/>\n<input type=\"hidden\" name=\"_wpcf7_locale\" value=\"en_US\" \/>\n<input type=\"hidden\" name=\"_wpcf7_unit_tag\" value=\"wpcf7-f255-o1\" \/>\n<input type=\"hidden\" name=\"_wpcf7_container_post\" value=\"0\" \/>\n<input type=\"hidden\" name=\"_wpcf7_posted_data_hash\" value=\"\" \/>\n<\/div>\n<div class=\"Contact-form\">\n\t<div class=\"flex-ss\">\n\t\t<div class=\"fl-input-group\">\n\t\t\t<p><span class=\"wpcf7-form-control-wrap\" data-name=\"first-name\"><input size=\"40\" class=\"wpcf7-form-control wpcf7-text wpcf7-validates-as-required\" aria-required=\"true\" aria-invalid=\"false\" placeholder=\"Vorname\" value=\"\" type=\"text\" name=\"first-name\" \/><\/span>\n\t\t\t<\/p>\n\t\t<\/div>\n\t\t<div class=\"fl-input-group\">\n\t\t\t<p><span class=\"wpcf7-form-control-wrap\" data-name=\"last-name\"><input size=\"40\" class=\"wpcf7-form-control wpcf7-text wpcf7-validates-as-required\" aria-required=\"true\" aria-invalid=\"false\" placeholder=\"Nachname\" value=\"\" type=\"text\" name=\"last-name\" \/><\/span>\n\t\t\t<\/p>\n\t\t<\/div>\n\t<\/div>\n\t<div class=\"fl-input-group\">\n\t\t<p><span class=\"wpcf7-form-control-wrap\" data-name=\"your-email\"><input size=\"40\" class=\"wpcf7-form-control wpcf7-email wpcf7-validates-as-required wpcf7-text wpcf7-validates-as-email\" aria-required=\"true\" aria-invalid=\"false\" placeholder=\"E-Mail-Adresse\" value=\"\" type=\"email\" name=\"your-email\" \/><\/span>\n\t\t<\/p>\n\t<\/div>\n\t<div class=\"fl-input-group\">\n\t\t<p><span class=\"wpcf7-form-control-wrap\" data-name=\"phone\"><input size=\"40\" class=\"wpcf7-form-control wpcf7-text wpcf7-validates-as-required\" aria-required=\"true\" aria-invalid=\"false\" placeholder=\"Telefon\" value=\"\" type=\"text\" name=\"phone\" \/><\/span>\n\t\t<\/p>\n\t<\/div>\n\t<div class=\"fl-input-group\">\n\t\t<p><span class=\"wpcf7-form-control-wrap\" data-name=\"company\"><input size=\"40\" class=\"wpcf7-form-control wpcf7-text wpcf7-validates-as-required\" aria-required=\"true\" aria-invalid=\"false\" placeholder=\"Unternehmen\" value=\"\" type=\"text\" name=\"company\" \/><\/span>\n\t\t<\/p>\n\t<\/div>\n\t<div class=\"fl-input-group\">\n\t\t<p><span class=\"wpcf7-form-control-wrap\" data-name=\"your-message\"><textarea cols=\"40\" rows=\"10\" class=\"wpcf7-form-control wpcf7-textarea\" aria-invalid=\"false\" placeholder=\"Nachricht\" name=\"your-message\"><\/textarea><\/span>\n\t\t<\/p>\n\t<\/div>\n\t<div class=\"accept_terms\">\n\t\t<p><span class=\"wpcf7-form-control-wrap\" data-name=\"acceptance-994\"><span class=\"wpcf7-form-control wpcf7-acceptance\"><span class=\"wpcf7-list-item\"><label><input type=\"checkbox\" name=\"acceptance-994\" value=\"1\" aria-invalid=\"false\" \/><span class=\"wpcf7-list-item-label\">Ich stimme den Bedingungen der  <span class=\"color_gradient\"><a href=\"http:\/\/topglove.de\/de\/privacy-policy\/\">Datenschutzerkl\u00e4rung zu.<\/a><\/span><\/span><\/label><\/span><\/span><\/span>\n\t\t<\/p>\n\t\t<p><span class=\"wpcf7-form-control-wrap\" data-name=\"acceptance-994\"><span class=\"wpcf7-form-control wpcf7-acceptance\"><span class=\"wpcf7-list-item\"><label><input type=\"checkbox\" name=\"acceptance-994\" value=\"1\" aria-invalid=\"false\" \/><span class=\"wpcf7-list-item-label\">Ich bin damit einverstanden, dass die Top Glove Europe GmbH mit mir Kontakt aufnimmt, um mir Werbematerial zuzusenden und Produkte und Dienstleistungen anzubieten. Mit dem Absenden dieses Formulars erkl\u00e4re ich mich mit der Auswertung der \u00d6ffnungs- und Klickdaten (Tracking) einverstanden. Beide Einwilligungen kann ich nur gemeinsam jederzeit \u00fcber den Abmeldebutton in der E-Mail, per E-Mail an <span class=\"color_gradient\"><a href=\"mailto:info@toglove.de\">info@toglove.de<\/a><\/span>  oder per Post widerrufen.<\/span><\/label><\/span><\/span><\/span>\n\t\t<\/p>\n\t<\/div>\n\t<p><div class=\"cf7-cf-turnstile\" style=\"margin-top: -10px; margin-bottom: -15px;\"> <div id=\"cf-turnstile-cf7-1942173780\" class=\"cf-turnstile\" data-sitekey=\"0x4AAAAAAAJjimCMKWA_c4MH\" data-theme=\"light\" data-language=\"auto\" data-retry=\"auto\" data-retry-interval=\"1000\" data-action=\"contact-form-7\" data-appearance=\"always\"><\/div> <br\/> <style>#cf-turnstile-cf7-1942173780 { margin-left: -15px; }<\/style> <script>document.addEventListener(\"DOMContentLoaded\",(function(){var e=document.getElementById(\"cf-turnstile-cf7-1942173780\");setTimeout((function(){e&&(turnstile.render(\"#cf-turnstile-cf7-1942173780\",{sitekey:\"0x4AAAAAAAJjimCMKWA_c4MH\"}))}),50)}));<\/script> <script>document.addEventListener(\"DOMContentLoaded\",function(){document.querySelectorAll('.wpcf7-form').forEach(function(e){e.addEventListener('submit',function(){if(document.getElementById('cf-turnstile-cf7-1942173780')){setTimeout(function(){turnstile.render('#cf-turnstile-cf7-1942173780');},4000)}})})});<\/script> <\/div>\n\t<\/p>\n\t<div class=\"global_button global_new_btn\">\n\t\t<p><a href=\"javascript:void(0)\" onclick=\"document.getElementById('contactbtn').click();\" class=\"fl-button\" type=\"submit\"><span class=\"fl-button-text\">Nachricht senden<\/span><i class=\"fl-button-icon fl-button-icon-after dashicons dashicons-before dashicons-undo\" aria-hidden=\"true\"><\/i><br \/>\n<\/a><br \/>\n<input class=\"wpcf7-form-control wpcf7-submit has-spinner\" id=\"contactbtn\" type=\"submit\" value=\"Send Message\" \/>\n\t\t<\/p>\n\t<\/div>\n<\/div><div class=\"wpcf7-response-output\" aria-hidden=\"true\"><\/div>\n<input type=\"hidden\" name=\"trp-form-language\" value=\"de\"\/><\/form>\n<\/div>","protected":false},"excerpt":{"rendered":"<p>Examination Gloves for Everyday Use The World&#8217;s Largest Manufacturer of Gloves More Information Examination Gloves for Everyday Use The World&#8217;s Largest Manufacturer of Gloves More Information Examination Gloves for Everyday Use The World&#8217;s Largest Manufacturer of Gloves More Information A Subsidiary Sales Office in Germany We are Top Glove Europe Top Glove Corporation BHD is&hellip;<\/p>","protected":false},"author":1,"featured_media":0,"parent":0,"menu_order":0,"comment_status":"closed","ping_status":"closed","template":"","meta":{"inline_featured_image":false,"footnotes":""},"class_list":["post-5","page","type-page","status-publish","hentry"],"_links":{"self":[{"href":"http:\/\/topglove.de\/de\/wp-json\/wp\/v2\/pages\/5","targetHints":{"allow":["GET"]}}],"collection":[{"href":"http:\/\/topglove.de\/de\/wp-json\/wp\/v2\/pages"}],"about":[{"href":"http:\/\/topglove.de\/de\/wp-json\/wp\/v2\/types\/page"}],"author":[{"embeddable":true,"href":"http:\/\/topglove.de\/de\/wp-json\/wp\/v2\/users\/1"}],"replies":[{"embeddable":true,"href":"http:\/\/topglove.de\/de\/wp-json\/wp\/v2\/comments?post=5"}],"version-history":[{"count":282,"href":"http:\/\/topglove.de\/de\/wp-json\/wp\/v2\/pages\/5\/revisions"}],"predecessor-version":[{"id":1180,"href":"http:\/\/topglove.de\/de\/wp-json\/wp\/v2\/pages\/5\/revisions\/1180"}],"wp:attachment":[{"href":"http:\/\/topglove.de\/de\/wp-json\/wp\/v2\/media?parent=5"}],"curies":[{"name":"wp","href":"https:\/\/api.w.org\/{rel}","templated":true}]}}